{"id":59914,"date":"2021-06-08T13:36:57","date_gmt":"2021-06-08T12:36:57","guid":{"rendered":"https:\/\/pilot.dunav.com\/about-us\/menadzment\/"},"modified":"2026-04-01T11:22:35","modified_gmt":"2026-04-01T10:22:35","slug":"management","status":"publish","type":"page","link":"https:\/\/pilot.dunav.com\/en\/about-us\/management\/","title":{"rendered":"Management"},"content":{"rendered":"<div class=\"wpb-content-wrapper\"><p>[vc_row full_width=&#8221;stretch_row_content_no_spaces&#8221;][vc_column][vc_single_image image=&#8221;59939&#8243; img_size=&#8221;full&#8221; alignment=&#8221;center&#8221; image_hovers=&#8221;false&#8221;][\/vc_column][\/vc_row][vc_row full_width=&#8221;stretch_row&#8221; bg_type=&#8221;bg_color&#8221; bg_color_value=&#8221;#f3f3f3&#8243; css=&#8221;.vc_custom_1624437571540{padding-top: 1.5em !important;padding-bottom: 1em !important;background-color: #f3f3f3 !important;}&#8221;][vc_column][vc_column_text css=&#8221;.vc_custom_1631273771131{padding-top: 1em !important;padding-bottom: 1em !important;}&#8221;]<\/p>\n<h2 style=\"text-align: center;\">Executive board<\/h2>\n<p>[\/vc_column_text][\/vc_column][\/vc_row][vc_row full_width=&#8221;stretch_row&#8221; bg_type=&#8221;bg_color&#8221; bg_color_value=&#8221;#f3f3f3&#8243; css=&#8221;.vc_custom_1624437636587{padding-bottom: 2em !important;background-color: #f3f3f3 !important;}&#8221;][vc_column width=&#8221;1\/5&#8243;][\/vc_column][vc_column width=&#8221;3\/5&#8243;][vc_column_text css=&#8221;&#8221;]<\/p>\n<div class=\"container\">\n<p><a><img decoding=\"async\" style=\"width: 100%;\" src=\"https:\/\/pilot.dunav.com\/wp-content\/uploads\/2026\/03\/500x500.jpg.jpeg&quot;\" \/><\/a><\/p>\n<\/div>\n<p>[\/vc_column_text][vc_column_text css=&#8221;&#8221;]<\/p>\n<h4 style=\"text-align: center;\">Branislav Trifunovi\u0107<\/h4>\n<h6 style=\"text-align: center;\">chair of the Executive board<\/h6>\n<p>[\/vc_column_text][\/vc_column][vc_column width=&#8221;1\/5&#8243;][\/vc_column][\/vc_row][vc_row full_width=&#8221;stretch_row&#8221; bg_type=&#8221;bg_color&#8221; bg_color_value=&#8221;#ffffff&#8221; css=&#8221;.vc_custom_1631274086486{padding-top: 1.5em !important;}&#8221;][vc_column][vc_column_text css=&#8221;.vc_custom_1631274095653{padding-top: 1em !important;}&#8221;]<\/p>\n<h2 style=\"text-align: center;\">Members of the Executive board<\/h2>\n<p>[\/vc_column_text][\/vc_column][\/vc_row][vc_row full_width=&#8221;stretch_row&#8221; gap=&#8221;15&#8243; bg_type=&#8221;bg_color&#8221; bg_color_value=&#8221;#ffffff&#8221; css=&#8221;.vc_custom_1643378356618{padding-top: 2em !important;padding-bottom: 2em !important;background-color: #ffffff !important;}&#8221;][vc_column width=&#8221;1\/4&#8243;][vc_column_text]<\/p>\n<div class=\"container\">\n<p><a><img decoding=\"async\" style=\"width: 100%;\" src=\"https:\/\/pilot.dunav.com\/wp-content\/uploads\/2022\/12\/Zoran-Subotic-500x500-1.jpg\" \/><\/a><\/p>\n<\/div>\n<p>[\/vc_column_text][vc_column_text]<\/p>\n<h4 style=\"text-align: center;\">Zoran Suboti\u0107<\/h4>\n<p>[\/vc_column_text][\/vc_column][vc_column width=&#8221;1\/4&#8243;][vc_column_text]<\/p>\n<div class=\"container\">\n<p><a><img decoding=\"async\" style=\"width: 100%;\" src=\"https:\/\/pilot.dunav.com\/wp-content\/uploads\/2023\/12\/Ivana-Sokovic_12-2023-500x500-1.jpg\" \/><\/a><\/p>\n<\/div>\n<p>[\/vc_column_text][vc_column_text css=&#8221;&#8221;]<\/p>\n<h4 style=\"text-align: center;\">Ivana Sokovi\u0107<\/h4>\n<p>[\/vc_column_text][\/vc_column][vc_column width=&#8221;1\/4&#8243;][vc_column_text]<\/p>\n<div class=\"container\">\n<p><a><img decoding=\"async\" style=\"width: 100%;\" src=\"https:\/\/pilot.dunav.com\/wp-content\/uploads\/2022\/06\/milo_markovic_500.jpg\" \/><\/a><\/p>\n<\/div>\n<p>[\/vc_column_text][vc_column_text]<\/p>\n<h4 style=\"text-align: center;\">Milo Markovi\u0107<\/h4>\n<p>[\/vc_column_text][\/vc_column][vc_column width=&#8221;1\/4&#8243;][vc_column_text css=&#8221;&#8221;]<\/p>\n<div class=\"container\">\n<p><a><img decoding=\"async\" style=\"width: 100%;\" src=\"https:\/\/pilot.dunav.com\/wp-content\/uploads\/2026\/03\/Nikoleta_500x500.jpg\" \/><\/a><\/p>\n<\/div>\n<p>[\/vc_column_text][vc_column_text css=&#8221;&#8221;]<\/p>\n<h4 style=\"text-align: center;\">Nikoleta \u0160ubert<\/h4>\n<p>[\/vc_column_text][\/vc_column][\/vc_row][vc_row full_width=&#8221;stretch_row&#8221; bg_type=&#8221;bg_color&#8221; bg_color_value=&#8221;#f3f3f3&#8243; css=&#8221;.vc_custom_1624455146802{padding-top: 2em !important;padding-bottom: 1.6em !important;background-color: #f3f3f3 !important;}&#8221;][vc_column][vc_column_text]<\/p>\n<h2 style=\"text-align: left;\">Members of the supervisory board<\/h2>\n<p>[\/vc_column_text][vc_separator color=&#8221;sky&#8221; align=&#8221;align_left&#8221; border_width=&#8221;2&#8243; el_width=&#8221;10&#8243; css=&#8221;.vc_custom_1624454951343{margin-top: 1.6em !important;margin-bottom: 1.6em !important;}&#8221;][vc_column_text]<\/p>\n<h6><a class=\"fancybox-inline\" href=\"#tatjana\">Tatjana Vuki\u0107, chair of the Supervisory board<\/a><\/h6>\n<h6><a class=\"fancybox-inline\" href=\"#milena-m\">Milena Markovi\u0107, member of the Supervisory board<\/a><\/h6>\n<h6><a class=\"fancybox-inline\" href=\"#svetislav\">Sv\u0435tisl\u0430v \u0422rifun\u043evi\u0107, member of the Supervisory board<\/a><\/h6>\n<h6><a class=\"fancybox-inline\" href=\"#sandra-d\">Sandra Doki\u0107, member of the Supervisory board<\/a><\/h6>\n<p>[\/vc_column_text][\/vc_column][\/vc_row][vc_row full_width=&#8221;stretch_row&#8221; gap=&#8221;3&#8243; bg_type=&#8221;bg_color&#8221; css=&#8221;.vc_custom_1744281608748{padding-top: 2em !important;padding-bottom: 1.6em !important;background-color: #FFFFFF !important;}&#8221; bg_color_value=&#8221;#FFFFFF&#8221;][vc_column][vc_column_text]<\/p>\n<h2 style=\"text-align: left;\">Functions<\/h2>\n<p>[\/vc_column_text][vc_separator color=&#8221;sky&#8221; align=&#8221;align_left&#8221; border_width=&#8221;2&#8243; el_width=&#8221;10&#8243; css=&#8221;.vc_custom_1624454951343{margin-top: 1.6em !important;margin-bottom: 1.6em !important;}&#8221;][vc_column_text css=&#8221;&#8221;]<\/p>\n<h6>Ivana Komnenovi\u0107, director of Human resources function<\/h6>\n<h6>Neboj\u0161a Veli\u010dkovi\u0107, director of IT function<\/h6>\n<h6>Andrija Pavlovi\u0107, director of Finance function<\/h6>\n<h6>Mla\u0111en Zekovi\u0107, director of Logistics function<\/h6>\n<h6>Zorica Kne\u017eevi\u0107, director of Actuarial and solvency risk management function<\/h6>\n<h6>Goran Govedarica, director of Internal Audit and Internal Controls Function<\/h6>\n<h6>Radmila Rankovi\u0107, director of Marketing Center<\/h6>\n<p>[\/vc_column_text][\/vc_column][\/vc_row][vc_row full_width=&#8221;stretch_row&#8221; bg_type=&#8221;bg_color&#8221; css=&#8221;.vc_custom_1744281622152{padding-top: 2em !important;padding-bottom: 2em !important;background-color: #F3F3F3 !important;}&#8221; bg_color_value=&#8221;#F3F3F3&#8243;][vc_column][vc_column_text]<\/p>\n<h2 style=\"text-align: left;\">Directorates<\/h2>\n<p>[\/vc_column_text][vc_separator color=&#8221;sky&#8221; align=&#8221;align_left&#8221; border_width=&#8221;2&#8243; el_width=&#8221;10&#8243; css=&#8221;.vc_custom_1624454951343{margin-top: 1.6em !important;margin-bottom: 1.6em !important;}&#8221;][vc_column_text css=&#8221;&#8221;]<\/p>\n<h6>Novak U\u0161\u0107umli\u0107, director of Insurance directorate<\/h6>\n<h6>Miroslav Govedarica, director of Non-life insurance sales directorate<\/h6>\n<h6>Milorad Radi\u0107, director of Claims directorate<\/h6>\n<h6>Aleksandra Nedeljkovi\u0107, director of Life insurance sales directorate<\/h6>\n<h6>Bojan Miladinovi\u0107, director of Risk assessment and acquisition directorate<\/h6>\n<p>[\/vc_column_text][\/vc_column][\/vc_row]<\/p>\n<\/div>","protected":false},"excerpt":{"rendered":"<p>[vc_row full_width=&#8221;stretch_row_content_no_spaces&#8221;][vc_column][vc_single_image image=&#8221;59939&#8243; img_size=&#8221;full&#8221; alignment=&#8221;center&#8221; image_hovers=&#8221;false&#8221;][\/vc_column][\/vc_row][vc_row full_width=&#8221;stretch_row&#8221; bg_type=&#8221;bg_color&#8221; bg_color_value=&#8221;#f3f3f3&#8243; css=&#8221;.vc_custom_1624437571540{padding-top: 1.5em !important;padding-bottom: 1em !important;background-color: #f3f3f3 !important;}&#8221;][vc_column][vc_column_text css=&#8221;.vc_custom_1631273771131{padding-top: 1em !important;padding-bottom: 1em !important;}&#8221;] Executive board [\/vc_column_text][\/vc_column][\/vc_row][vc_row full_width=&#8221;stretch_row&#8221; bg_type=&#8221;bg_color&#8221; bg_color_value=&#8221;#f3f3f3&#8243; css=&#8221;.vc_custom_1624437636587{padding-bottom: 2em !important;background-color: #f3f3f3 !important;}&#8221;][vc_column width=&#8221;1\/5&#8243;][\/vc_column][vc_column width=&#8221;3\/5&#8243;][vc_column_text css=&#8221;&#8221;] [\/vc_column_text][vc_column_text css=&#8221;&#8221;] Branislav Trifunovi\u0107 chair of the Executive board [\/vc_column_text][\/vc_column][vc_column width=&#8221;1\/5&#8243;][\/vc_column][\/vc_row][vc_row full_width=&#8221;stretch_row&#8221; bg_type=&#8221;bg_color&#8221; bg_color_value=&#8221;#ffffff&#8221; css=&#8221;.vc_custom_1631274086486{padding-top: 1.5em !important;}&#8221;][vc_column][vc_column_text css=&#8221;.vc_custom_1631274095653{padding-top: 1em !important;}&#8221;]&hellip;<\/p>\n","protected":false},"author":1,"featured_media":0,"parent":59906,"menu_order":0,"comment_status":"closed","ping_status":"closed","template":"","meta":{"footnotes":""},"class_list":["post-59914","page","type-page","status-publish","hentry","description-off"],"yoast_head":"<!-- This site is optimized with the Yoast SEO plugin v27.0 - https:\/\/yoast.com\/product\/yoast-seo-wordpress\/ -->\n<title>Management - Dunav osiguranje<\/title>\n<meta name=\"robots\" content=\"noindex, follow, max-snippet:-1, max-image-preview:large, max-video-preview:-1\" \/>\n<meta property=\"og:locale\" content=\"en_US\" \/>\n<meta property=\"og:type\" content=\"article\" \/>\n<meta property=\"og:title\" content=\"Management - Dunav osiguranje\" \/>\n<meta property=\"og:description\" content=\"[vc_row full_width=&#8221;stretch_row_content_no_spaces&#8221;][vc_column][vc_single_image image=&#8221;59939&#8243; img_size=&#8221;full&#8221; alignment=&#8221;center&#8221; image_hovers=&#8221;false&#8221;][\/vc_column][\/vc_row][vc_row full_width=&#8221;stretch_row&#8221; bg_type=&#8221;bg_color&#8221; bg_color_value=&#8221;#f3f3f3&#8243; css=&#8221;.vc_custom_1624437571540{padding-top: 1.5em !important;padding-bottom: 1em !important;background-color: #f3f3f3 !important;}&#8221;][vc_column][vc_column_text css=&#8221;.vc_custom_1631273771131{padding-top: 1em !important;padding-bottom: 1em !important;}&#8221;] Executive board [\/vc_column_text][\/vc_column][\/vc_row][vc_row full_width=&#8221;stretch_row&#8221; bg_type=&#8221;bg_color&#8221; bg_color_value=&#8221;#f3f3f3&#8243; css=&#8221;.vc_custom_1624437636587{padding-bottom: 2em !important;background-color: #f3f3f3 !important;}&#8221;][vc_column width=&#8221;1\/5&#8243;][\/vc_column][vc_column width=&#8221;3\/5&#8243;][vc_column_text css=&#8221;&#8221;] [\/vc_column_text][vc_column_text css=&#8221;&#8221;] Branislav Trifunovi\u0107 chair of the Executive board [\/vc_column_text][\/vc_column][vc_column width=&#8221;1\/5&#8243;][\/vc_column][\/vc_row][vc_row full_width=&#8221;stretch_row&#8221; bg_type=&#8221;bg_color&#8221; bg_color_value=&#8221;#ffffff&#8221; css=&#8221;.vc_custom_1631274086486{padding-top: 1.5em !important;}&#8221;][vc_column][vc_column_text css=&#8221;.vc_custom_1631274095653{padding-top: 1em !important;}&#8221;]&hellip;\" \/>\n<meta property=\"og:url\" content=\"https:\/\/pilot.dunav.com\/en\/about-us\/management\/\" \/>\n<meta property=\"og:site_name\" content=\"Dunav osiguranje\" \/>\n<meta property=\"article:publisher\" content=\"https:\/\/www.facebook.com\/dunavosiguranjesrbija\/\" \/>\n<meta property=\"article:modified_time\" content=\"2026-04-01T10:22:35+00:00\" \/>\n<meta property=\"og:image\" content=\"https:\/\/pilot.dunav.com\/wp-content\/uploads\/2026\/03\/500x500.jpg.jpeg&quot;\" \/>\n<meta name=\"twitter:card\" content=\"summary_large_image\" \/>\n<meta name=\"twitter:label1\" content=\"Est. reading time\" \/>\n\t<meta name=\"twitter:data1\" content=\"3 minutes\" \/>\n<script type=\"application\/ld+json\" class=\"yoast-schema-graph\">{\"@context\":\"https:\/\/schema.org\",\"@graph\":[{\"@type\":\"WebPage\",\"@id\":\"https:\/\/pilot.dunav.com\/en\/about-us\/management\/\",\"url\":\"https:\/\/pilot.dunav.com\/en\/about-us\/management\/\",\"name\":\"Management - Dunav osiguranje\",\"isPartOf\":{\"@id\":\"https:\/\/pilot.dunav.com\/en\/#website\"},\"primaryImageOfPage\":{\"@id\":\"https:\/\/pilot.dunav.com\/en\/about-us\/management\/#primaryimage\"},\"image\":{\"@id\":\"https:\/\/pilot.dunav.com\/en\/about-us\/management\/#primaryimage\"},\"thumbnailUrl\":\"https:\/\/pilot.dunav.com\/wp-content\/uploads\/2026\/03\/500x500.jpg.jpeg&quot;\",\"datePublished\":\"2021-06-08T12:36:57+00:00\",\"dateModified\":\"2026-04-01T10:22:35+00:00\",\"breadcrumb\":{\"@id\":\"https:\/\/pilot.dunav.com\/en\/about-us\/management\/#breadcrumb\"},\"inLanguage\":\"en-US\",\"potentialAction\":[{\"@type\":\"ReadAction\",\"target\":[\"https:\/\/pilot.dunav.com\/en\/about-us\/management\/\"]}]},{\"@type\":\"ImageObject\",\"inLanguage\":\"en-US\",\"@id\":\"https:\/\/pilot.dunav.com\/en\/about-us\/management\/#primaryimage\",\"url\":\"https:\/\/pilot.dunav.com\/wp-content\/uploads\/2026\/03\/500x500.jpg.jpeg&quot;\",\"contentUrl\":\"https:\/\/pilot.dunav.com\/wp-content\/uploads\/2026\/03\/500x500.jpg.jpeg&quot;\"},{\"@type\":\"BreadcrumbList\",\"@id\":\"https:\/\/pilot.dunav.com\/en\/about-us\/management\/#breadcrumb\",\"itemListElement\":[{\"@type\":\"ListItem\",\"position\":1,\"name\":\"Home\",\"item\":\"https:\/\/pilot.dunav.com\/en\/\"},{\"@type\":\"ListItem\",\"position\":2,\"name\":\"About us\",\"item\":\"https:\/\/pilot.dunav.com\/en\/about-us\/\"},{\"@type\":\"ListItem\",\"position\":3,\"name\":\"Management\"}]},{\"@type\":\"WebSite\",\"@id\":\"https:\/\/pilot.dunav.com\/en\/#website\",\"url\":\"https:\/\/pilot.dunav.com\/en\/\",\"name\":\"Dunav osiguranje\",\"description\":\"Prijatelj ostaje prijatelj\",\"publisher\":{\"@id\":\"https:\/\/pilot.dunav.com\/en\/#organization\"},\"potentialAction\":[{\"@type\":\"SearchAction\",\"target\":{\"@type\":\"EntryPoint\",\"urlTemplate\":\"https:\/\/pilot.dunav.com\/en\/?s={search_term_string}\"},\"query-input\":{\"@type\":\"PropertyValueSpecification\",\"valueRequired\":true,\"valueName\":\"search_term_string\"}}],\"inLanguage\":\"en-US\"},{\"@type\":\"Organization\",\"@id\":\"https:\/\/pilot.dunav.com\/en\/#organization\",\"name\":\"Dunav osiguranje\",\"url\":\"https:\/\/pilot.dunav.com\/en\/\",\"logo\":{\"@type\":\"ImageObject\",\"inLanguage\":\"en-US\",\"@id\":\"https:\/\/pilot.dunav.com\/en\/#\/schema\/logo\/image\/\",\"url\":\"https:\/\/pilot.dunav.com\/wp-content\/uploads\/2021\/01\/favicon.png\",\"contentUrl\":\"https:\/\/pilot.dunav.com\/wp-content\/uploads\/2021\/01\/favicon.png\",\"width\":65,\"height\":64,\"caption\":\"Dunav osiguranje\"},\"image\":{\"@id\":\"https:\/\/pilot.dunav.com\/en\/#\/schema\/logo\/image\/\"},\"sameAs\":[\"https:\/\/www.facebook.com\/dunavosiguranjesrbija\/\",\"https:\/\/www.instagram.com\/dunavosiguranje\",\"https:\/\/rs.linkedin.com\/company\/kompanija-dunav-osiguranje-ado\",\"https:\/\/youtube.com\/c\/DunavosiguranjeADO\",\"https:\/\/sr.wikipedia.org\/sr-ec\/\u0414\u0443\u043d\u0430\u0432_\u043e\u0441\u0438\u0433\u0443\u0440\u0430\u045a\u0435\"]}]}<\/script>\n<!-- \/ Yoast SEO plugin. -->","yoast_head_json":{"title":"Management - Dunav osiguranje","robots":{"index":"noindex","follow":"follow","max-snippet":"max-snippet:-1","max-image-preview":"max-image-preview:large","max-video-preview":"max-video-preview:-1"},"og_locale":"en_US","og_type":"article","og_title":"Management - Dunav osiguranje","og_description":"[vc_row full_width=&#8221;stretch_row_content_no_spaces&#8221;][vc_column][vc_single_image image=&#8221;59939&#8243; img_size=&#8221;full&#8221; alignment=&#8221;center&#8221; image_hovers=&#8221;false&#8221;][\/vc_column][\/vc_row][vc_row full_width=&#8221;stretch_row&#8221; bg_type=&#8221;bg_color&#8221; bg_color_value=&#8221;#f3f3f3&#8243; css=&#8221;.vc_custom_1624437571540{padding-top: 1.5em !important;padding-bottom: 1em !important;background-color: #f3f3f3 !important;}&#8221;][vc_column][vc_column_text css=&#8221;.vc_custom_1631273771131{padding-top: 1em !important;padding-bottom: 1em !important;}&#8221;] Executive board [\/vc_column_text][\/vc_column][\/vc_row][vc_row full_width=&#8221;stretch_row&#8221; bg_type=&#8221;bg_color&#8221; bg_color_value=&#8221;#f3f3f3&#8243; css=&#8221;.vc_custom_1624437636587{padding-bottom: 2em !important;background-color: #f3f3f3 !important;}&#8221;][vc_column width=&#8221;1\/5&#8243;][\/vc_column][vc_column width=&#8221;3\/5&#8243;][vc_column_text css=&#8221;&#8221;] [\/vc_column_text][vc_column_text css=&#8221;&#8221;] Branislav Trifunovi\u0107 chair of the Executive board [\/vc_column_text][\/vc_column][vc_column width=&#8221;1\/5&#8243;][\/vc_column][\/vc_row][vc_row full_width=&#8221;stretch_row&#8221; bg_type=&#8221;bg_color&#8221; bg_color_value=&#8221;#ffffff&#8221; css=&#8221;.vc_custom_1631274086486{padding-top: 1.5em !important;}&#8221;][vc_column][vc_column_text css=&#8221;.vc_custom_1631274095653{padding-top: 1em !important;}&#8221;]&hellip;","og_url":"https:\/\/pilot.dunav.com\/en\/about-us\/management\/","og_site_name":"Dunav osiguranje","article_publisher":"https:\/\/www.facebook.com\/dunavosiguranjesrbija\/","article_modified_time":"2026-04-01T10:22:35+00:00","og_image":[{"url":"https:\/\/pilot.dunav.com\/wp-content\/uploads\/2026\/03\/500x500.jpg.jpeg&quot;","type":"","width":"","height":""}],"twitter_card":"summary_large_image","twitter_misc":{"Est. reading time":"3 minutes"},"schema":{"@context":"https:\/\/schema.org","@graph":[{"@type":"WebPage","@id":"https:\/\/pilot.dunav.com\/en\/about-us\/management\/","url":"https:\/\/pilot.dunav.com\/en\/about-us\/management\/","name":"Management - Dunav osiguranje","isPartOf":{"@id":"https:\/\/pilot.dunav.com\/en\/#website"},"primaryImageOfPage":{"@id":"https:\/\/pilot.dunav.com\/en\/about-us\/management\/#primaryimage"},"image":{"@id":"https:\/\/pilot.dunav.com\/en\/about-us\/management\/#primaryimage"},"thumbnailUrl":"https:\/\/pilot.dunav.com\/wp-content\/uploads\/2026\/03\/500x500.jpg.jpeg&quot;","datePublished":"2021-06-08T12:36:57+00:00","dateModified":"2026-04-01T10:22:35+00:00","breadcrumb":{"@id":"https:\/\/pilot.dunav.com\/en\/about-us\/management\/#breadcrumb"},"inLanguage":"en-US","potentialAction":[{"@type":"ReadAction","target":["https:\/\/pilot.dunav.com\/en\/about-us\/management\/"]}]},{"@type":"ImageObject","inLanguage":"en-US","@id":"https:\/\/pilot.dunav.com\/en\/about-us\/management\/#primaryimage","url":"https:\/\/pilot.dunav.com\/wp-content\/uploads\/2026\/03\/500x500.jpg.jpeg&quot;","contentUrl":"https:\/\/pilot.dunav.com\/wp-content\/uploads\/2026\/03\/500x500.jpg.jpeg&quot;"},{"@type":"BreadcrumbList","@id":"https:\/\/pilot.dunav.com\/en\/about-us\/management\/#breadcrumb","itemListElement":[{"@type":"ListItem","position":1,"name":"Home","item":"https:\/\/pilot.dunav.com\/en\/"},{"@type":"ListItem","position":2,"name":"About us","item":"https:\/\/pilot.dunav.com\/en\/about-us\/"},{"@type":"ListItem","position":3,"name":"Management"}]},{"@type":"WebSite","@id":"https:\/\/pilot.dunav.com\/en\/#website","url":"https:\/\/pilot.dunav.com\/en\/","name":"Dunav osiguranje","description":"Prijatelj ostaje prijatelj","publisher":{"@id":"https:\/\/pilot.dunav.com\/en\/#organization"},"potentialAction":[{"@type":"SearchAction","target":{"@type":"EntryPoint","urlTemplate":"https:\/\/pilot.dunav.com\/en\/?s={search_term_string}"},"query-input":{"@type":"PropertyValueSpecification","valueRequired":true,"valueName":"search_term_string"}}],"inLanguage":"en-US"},{"@type":"Organization","@id":"https:\/\/pilot.dunav.com\/en\/#organization","name":"Dunav osiguranje","url":"https:\/\/pilot.dunav.com\/en\/","logo":{"@type":"ImageObject","inLanguage":"en-US","@id":"https:\/\/pilot.dunav.com\/en\/#\/schema\/logo\/image\/","url":"https:\/\/pilot.dunav.com\/wp-content\/uploads\/2021\/01\/favicon.png","contentUrl":"https:\/\/pilot.dunav.com\/wp-content\/uploads\/2021\/01\/favicon.png","width":65,"height":64,"caption":"Dunav osiguranje"},"image":{"@id":"https:\/\/pilot.dunav.com\/en\/#\/schema\/logo\/image\/"},"sameAs":["https:\/\/www.facebook.com\/dunavosiguranjesrbija\/","https:\/\/www.instagram.com\/dunavosiguranje","https:\/\/rs.linkedin.com\/company\/kompanija-dunav-osiguranje-ado","https:\/\/youtube.com\/c\/DunavosiguranjeADO","https:\/\/sr.wikipedia.org\/sr-ec\/\u0414\u0443\u043d\u0430\u0432_\u043e\u0441\u0438\u0433\u0443\u0440\u0430\u045a\u0435"]}]}},"_links":{"self":[{"href":"https:\/\/pilot.dunav.com\/en\/wp-json\/wp\/v2\/pages\/59914","targetHints":{"allow":["GET"]}}],"collection":[{"href":"https:\/\/pilot.dunav.com\/en\/wp-json\/wp\/v2\/pages"}],"about":[{"href":"https:\/\/pilot.dunav.com\/en\/wp-json\/wp\/v2\/types\/page"}],"author":[{"embeddable":true,"href":"https:\/\/pilot.dunav.com\/en\/wp-json\/wp\/v2\/users\/1"}],"replies":[{"embeddable":true,"href":"https:\/\/pilot.dunav.com\/en\/wp-json\/wp\/v2\/comments?post=59914"}],"version-history":[{"count":49,"href":"https:\/\/pilot.dunav.com\/en\/wp-json\/wp\/v2\/pages\/59914\/revisions"}],"predecessor-version":[{"id":67570,"href":"https:\/\/pilot.dunav.com\/en\/wp-json\/wp\/v2\/pages\/59914\/revisions\/67570"}],"up":[{"embeddable":true,"href":"https:\/\/pilot.dunav.com\/en\/wp-json\/wp\/v2\/pages\/59906"}],"wp:attachment":[{"href":"https:\/\/pilot.dunav.com\/en\/wp-json\/wp\/v2\/media?parent=59914"}],"curies":[{"name":"wp","href":"https:\/\/api.w.org\/{rel}","templated":true}]}}